{"id":137,"date":"2013-07-20T16:23:48","date_gmt":"2013-07-20T15:23:48","guid":{"rendered":"https:\/\/www.residence-del-campo.com\/en\/?page_id=137"},"modified":"2024-01-11T14:57:59","modified_gmt":"2024-01-11T13:57:59","slug":"contact","status":"publish","type":"page","link":"https:\/\/www.residence-del-campo.com\/en\/contact","title":{"rendered":"Contact"},"content":{"rendered":"<table style=\"width: 800px; height: 241px;\" border=\"0\" cellspacing=\"0\" cellpadding=\"5\" align=\"center\">\n<tbody>\n<tr>\n<td valign=\"top\" width=\"400\"><iframe loading=\"lazy\" src=\"https:\/\/maps.google.fr\/maps?q=R%C3%A9sidence+Del+Campo,+Sainte-Maxime&amp;hl=fr&amp;ie=UTF8&amp;sll=44.414164,7.937622&amp;sspn=2.950658,7.13562&amp;hq=R%C3%A9sidence+Del+Campo,&amp;hnear=Sainte-Maxime,+Var,+Provence-Alpes-C%C3%B4te+d'Azur&amp;t=m&amp;ll=43.32805,6.602097&amp;spn=0.043705,0.067806&amp;z=13&amp;iwloc=A&amp;output=embed\" width=\"395\" height=\"350\" frameborder=\"0\" marginwidth=\"0\" marginheight=\"0\" scrolling=\"no\" data-mce-fragment=\"1\"><\/iframe><br \/>\n<small><a style=\"color: #0000ff; text-align: left;\" href=\"https:\/\/maps.google.fr\/maps?q=R%C3%A9sidence+Del+Campo,+Sainte-Maxime&amp;hl=fr&amp;ie=UTF8&amp;sll=44.414164,7.937622&amp;sspn=2.950658,7.13562&amp;hq=R%C3%A9sidence+Del+Campo,&amp;hnear=Sainte-Maxime,+Var,+Provence-Alpes-C%C3%B4te+d'Azur&amp;t=m&amp;ll=43.32805,6.602097&amp;spn=0.043705,0.067806&amp;z=13&amp;iwloc=A&amp;source=embed\">Agrandir le plan<\/a><\/small><\/td>\n<td valign=\"top\">\n<h2>R\u00e9sidence del Campo<\/h2>\n<p>2 Avenue de la Libert\u00e9<br \/>\n83120 Sainte Maxime<\/p>\n<h3>Information and bookings&nbsp;:<\/h3>\n<p>T\u00e9l : +33 (0)4 98 11 99 00<br \/>\nFax : +33 (0)4 98 11 99 01<\/p>\n<p>or via our contact form<\/p>\n<p>\n<div class=\"wpcf7 no-js\" id=\"wpcf7-f66-o1\" lang=\"\" dir=\"ltr\" data-wpcf7-id=\"66\">\n<div class=\"screen-reader-response\"><p role=\"status\" aria-live=\"polite\" aria-atomic=\"true\"><\/p> <ul><\/ul><\/div>\n<form action=\"\/en\/wp-json\/wp\/v2\/pages\/137#wpcf7-f66-o1\" method=\"post\" class=\"wpcf7-form init\" aria-label=\"Contact form\" novalidate=\"novalidate\" data-status=\"init\">\n<fieldset class=\"hidden-fields-container\"><input type=\"hidden\" name=\"_wpcf7\" value=\"66\" \/><input type=\"hidden\" name=\"_wpcf7_version\" value=\"6.1.5\" \/><input type=\"hidden\" name=\"_wpcf7_locale\" value=\"\" \/><input type=\"hidden\" name=\"_wpcf7_unit_tag\" value=\"wpcf7-f66-o1\" \/><input type=\"hidden\" name=\"_wpcf7_container_post\" value=\"0\" \/><input type=\"hidden\" name=\"_wpcf7_posted_data_hash\" value=\"\" \/>\n<\/fieldset>\n<p>Your Name (required)\n<\/p>\n<p><span class=\"wpcf7-form-control-wrap\" data-name=\"your-name\"><input size=\"40\" maxlength=\"400\" class=\"wpcf7-form-control wpcf7-text wpcf7-validates-as-required\" aria-required=\"true\" aria-invalid=\"false\" value=\"\" type=\"text\" name=\"your-name\" \/><\/span>\n<\/p>\n<p>Your Email (required)\n<\/p>\n<p><span class=\"wpcf7-form-control-wrap\" data-name=\"your-email\"><input size=\"40\" maxlength=\"400\" class=\"wpcf7-form-control wpcf7-email wpcf7-validates-as-required wpcf7-text wpcf7-validates-as-email\" aria-required=\"true\" aria-invalid=\"false\" value=\"\" type=\"email\" name=\"your-email\" \/><\/span>\n<\/p>\n<p>Subject\n<\/p>\n<p><span class=\"wpcf7-form-control-wrap\" data-name=\"your-subject\"><input size=\"40\" maxlength=\"400\" class=\"wpcf7-form-control wpcf7-text\" aria-invalid=\"false\" value=\"\" type=\"text\" name=\"your-subject\" \/><\/span>\n<\/p>\n<p>Your message\n<\/p>\n<p><span class=\"wpcf7-form-control-wrap\" data-name=\"your-message\"><textarea cols=\"40\" rows=\"10\" maxlength=\"2000\" class=\"wpcf7-form-control wpcf7-textarea\" aria-invalid=\"false\" name=\"your-message\"><\/textarea><\/span>\n<\/p>\n<p><input class=\"wpcf7-form-control wpcf7-submit has-spinner\" type=\"submit\" value=\"Submit\" \/>\n<\/p><div class=\"wpcf7-response-output\" aria-hidden=\"true\"><\/div>\n<\/form>\n<\/div>\n<\/td>\n<\/tr>\n<\/tbody>\n<\/table>\n","protected":false},"excerpt":{"rendered":"<p>Agrandir le plan R\u00e9sidence del Campo 2 Avenue de la Libert\u00e9 83120 Sainte Maxime Information and bookings&nbsp;: T\u00e9l : +33 (0)4 98 11 99 00 Fax : +33 (0)4 98 11 99 01 or via our contact form<\/p>\n","protected":false},"author":1,"featured_media":148,"parent":0,"menu_order":4,"comment_status":"closed","ping_status":"closed","template":"template-onecolumn.php","meta":{"ngg_post_thumbnail":0,"footnotes":""},"class_list":["post-137","page","type-page","status-publish","has-post-thumbnail","hentry","nodate","item-wrap"],"_links":{"self":[{"href":"https:\/\/www.residence-del-campo.com\/en\/wp-json\/wp\/v2\/pages\/137","targetHints":{"allow":["GET"]}}],"collection":[{"href":"https:\/\/www.residence-del-campo.com\/en\/wp-json\/wp\/v2\/pages"}],"about":[{"href":"https:\/\/www.residence-del-campo.com\/en\/wp-json\/wp\/v2\/types\/page"}],"author":[{"embeddable":true,"href":"https:\/\/www.residence-del-campo.com\/en\/wp-json\/wp\/v2\/users\/1"}],"replies":[{"embeddable":true,"href":"https:\/\/www.residence-del-campo.com\/en\/wp-json\/wp\/v2\/comments?post=137"}],"version-history":[{"count":1,"href":"https:\/\/www.residence-del-campo.com\/en\/wp-json\/wp\/v2\/pages\/137\/revisions"}],"predecessor-version":[{"id":138,"href":"https:\/\/www.residence-del-campo.com\/en\/wp-json\/wp\/v2\/pages\/137\/revisions\/138"}],"wp:featuredmedia":[{"embeddable":true,"href":"https:\/\/www.residence-del-campo.com\/en\/wp-json\/wp\/v2\/media\/148"}],"wp:attachment":[{"href":"https:\/\/www.residence-del-campo.com\/en\/wp-json\/wp\/v2\/media?parent=137"}],"curies":[{"name":"wp","href":"https:\/\/api.w.org\/{rel}","templated":true}]}}